{"id":21,"date":"2023-02-16T17:10:35","date_gmt":"2023-02-16T17:10:35","guid":{"rendered":"http:\/\/koshertorremolinos.com\/?page_id=21"},"modified":"2025-10-27T17:08:14","modified_gmt":"2025-10-27T17:08:14","slug":"cash-kash-promociones-kosher","status":"publish","type":"page","link":"https:\/\/koshertorremolinos.com\/?page_id=21","title":{"rendered":""},"content":{"rendered":"\t\t<div data-elementor-type=\"wp-page\" data-elementor-id=\"21\" class=\"elementor elementor-21\">\n\t\t\t\t\t\t<section class=\"elementor-section elementor-top-section elementor-element elementor-element-1537a4d elementor-section-boxed elementor-section-height-default elementor-section-height-default\" data-id=\"1537a4d\" data-element_type=\"section\">\n\t\t\t\t\t\t<div class=\"elementor-container elementor-column-gap-default\">\n\t\t\t\t\t<div class=\"elementor-column elementor-col-100 elementor-top-column elementor-element elementor-element-5201601\" data-id=\"5201601\" data-element_type=\"column\">\n\t\t\t<div class=\"elementor-widget-wrap elementor-element-populated\">\n\t\t\t\t\t\t<div class=\"elementor-element elementor-element-0f84b07 elementor-widget elementor-widget-heading\" data-id=\"0f84b07\" data-element_type=\"widget\" data-widget_type=\"heading.default\">\n\t\t\t\t<div class=\"elementor-widget-container\">\n\t\t\t\t\t<h2 class=\"elementor-heading-title elementor-size-xl\">Promociones <\/h2>\t\t\t\t<\/div>\n\t\t\t\t<\/div>\n\t\t\t\t\t<\/div>\n\t\t<\/div>\n\t\t\t\t\t<\/div>\n\t\t<\/section>\n\t\t\t\t<section class=\"elementor-section elementor-top-section elementor-element elementor-element-53be1e9 elementor-section-boxed elementor-section-height-default elementor-section-height-default\" data-id=\"53be1e9\" data-element_type=\"section\">\n\t\t\t\t\t\t<div class=\"elementor-container elementor-column-gap-default\">\n\t\t\t\t\t<div class=\"elementor-column elementor-col-100 elementor-top-column elementor-element elementor-element-b7d8008\" data-id=\"b7d8008\" data-element_type=\"column\">\n\t\t\t<div class=\"elementor-widget-wrap elementor-element-populated\">\n\t\t\t\t\t\t<div class=\"elementor-element elementor-element-a021d5f elementor-widget elementor-widget-text-editor\" data-id=\"a021d5f\" data-element_type=\"widget\" data-widget_type=\"text-editor.default\">\n\t\t\t\t<div class=\"elementor-widget-container\">\n\t\t\t\t\t\t\t\t\t<h2>Descubre nuestras promociones en productos Kosher. \u00a1Aprovecha las mejores ofertas en carnes, vinos y m\u00e1s en Cash Kash Torremolinos!<\/h2>\t\t\t\t\t\t\t\t<\/div>\n\t\t\t\t<\/div>\n\t\t\t\t<div class=\"elementor-element elementor-element-98afa9f elementor-widget elementor-widget-text-editor\" data-id=\"98afa9f\" data-element_type=\"widget\" data-widget_type=\"text-editor.default\">\n\t\t\t\t<div class=\"elementor-widget-container\">\n\t\t\t\t\t\t\t\t\t<p>\u00bfPor qu\u00e9 aprovechar nuestras promociones? Productos frescos y certificados, entrega r\u00e1pida en toda Espa\u00f1a. Garant\u00eda de calidad<\/p>\t\t\t\t\t\t\t\t<\/div>\n\t\t\t\t<\/div>\n\t\t\t\t\t<\/div>\n\t\t<\/div>\n\t\t\t\t\t<\/div>\n\t\t<\/section>\n\t\t\t\t<section class=\"elementor-section elementor-top-section elementor-element elementor-element-456a01d elementor-section-boxed elementor-section-height-default elementor-section-height-default\" data-id=\"456a01d\" data-element_type=\"section\">\n\t\t\t\t\t\t<div class=\"elementor-container elementor-column-gap-default\">\n\t\t\t\t\t<div class=\"elementor-column elementor-col-50 elementor-top-column elementor-element elementor-element-effbfdc\" data-id=\"effbfdc\" data-element_type=\"column\">\n\t\t\t<div class=\"elementor-widget-wrap elementor-element-populated\">\n\t\t\t\t\t\t<div class=\"elementor-element elementor-element-b543349 elementor-widget elementor-widget-image\" data-id=\"b543349\" data-element_type=\"widget\" data-widget_type=\"image.default\">\n\t\t\t\t<div class=\"elementor-widget-container\">\n\t\t\t\t\t\t\t\t\t\t\t\t\t\t\t<img fetchpriority=\"high\" decoding=\"async\" width=\"800\" height=\"800\" src=\"https:\/\/koshertorremolinos.com\/wp-content\/uploads\/2025\/10\/27-10-1024x1024.png\" class=\"attachment-large size-large wp-image-1897\" alt=\"\" srcset=\"https:\/\/koshertorremolinos.com\/wp-content\/uploads\/2025\/10\/27-10-1024x1024.png 1024w, https:\/\/koshertorremolinos.com\/wp-content\/uploads\/2025\/10\/27-10-300x300.png 300w, https:\/\/koshertorremolinos.com\/wp-content\/uploads\/2025\/10\/27-10-150x150.png 150w, https:\/\/koshertorremolinos.com\/wp-content\/uploads\/2025\/10\/27-10-768x768.png 768w, https:\/\/koshertorremolinos.com\/wp-content\/uploads\/2025\/10\/27-10.png 1080w\" sizes=\"(max-width: 800px) 100vw, 800px\" \/>\t\t\t\t\t\t\t\t\t\t\t\t\t\t\t<\/div>\n\t\t\t\t<\/div>\n\t\t\t\t\t<\/div>\n\t\t<\/div>\n\t\t\t\t<div class=\"elementor-column elementor-col-50 elementor-top-column elementor-element elementor-element-ace9a10\" data-id=\"ace9a10\" data-element_type=\"column\">\n\t\t\t<div class=\"elementor-widget-wrap\">\n\t\t\t\t\t\t\t<\/div>\n\t\t<\/div>\n\t\t\t\t\t<\/div>\n\t\t<\/section>\n\t\t\t\t<section class=\"elementor-section elementor-top-section elementor-element elementor-element-7c5b4ce elementor-section-boxed elementor-section-height-default elementor-section-height-default\" data-id=\"7c5b4ce\" data-element_type=\"section\">\n\t\t\t\t\t\t<div class=\"elementor-container elementor-column-gap-default\">\n\t\t\t\t\t<div class=\"elementor-column elementor-col-50 elementor-top-column elementor-element elementor-element-0bcf0d6\" data-id=\"0bcf0d6\" data-element_type=\"column\">\n\t\t\t<div class=\"elementor-widget-wrap elementor-element-populated\">\n\t\t\t\t\t\t<div class=\"elementor-element elementor-element-8be89fe elementor-widget elementor-widget-image\" data-id=\"8be89fe\" data-element_type=\"widget\" data-widget_type=\"image.default\">\n\t\t\t\t<div class=\"elementor-widget-container\">\n\t\t\t\t\t\t\t\t\t\t\t\t\t\t\t<img decoding=\"async\" width=\"800\" height=\"800\" src=\"https:\/\/koshertorremolinos.com\/wp-content\/uploads\/2025\/10\/20-de-octubre-1024x1024.png\" class=\"attachment-large size-large wp-image-1891\" alt=\"\" srcset=\"https:\/\/koshertorremolinos.com\/wp-content\/uploads\/2025\/10\/20-de-octubre-1024x1024.png 1024w, https:\/\/koshertorremolinos.com\/wp-content\/uploads\/2025\/10\/20-de-octubre-300x300.png 300w, https:\/\/koshertorremolinos.com\/wp-content\/uploads\/2025\/10\/20-de-octubre-150x150.png 150w, https:\/\/koshertorremolinos.com\/wp-content\/uploads\/2025\/10\/20-de-octubre-768x768.png 768w, https:\/\/koshertorremolinos.com\/wp-content\/uploads\/2025\/10\/20-de-octubre.png 1080w\" sizes=\"(max-width: 800px) 100vw, 800px\" \/>\t\t\t\t\t\t\t\t\t\t\t\t\t\t\t<\/div>\n\t\t\t\t<\/div>\n\t\t\t\t\t<\/div>\n\t\t<\/div>\n\t\t\t\t<div class=\"elementor-column elementor-col-50 elementor-top-column elementor-element elementor-element-456e37d\" data-id=\"456e37d\" data-element_type=\"column\">\n\t\t\t<div class=\"elementor-widget-wrap elementor-element-populated\">\n\t\t\t\t\t\t<div class=\"elementor-element elementor-element-fb042a6 elementor-widget elementor-widget-image\" data-id=\"fb042a6\" data-element_type=\"widget\" data-widget_type=\"image.default\">\n\t\t\t\t<div class=\"elementor-widget-container\">\n\t\t\t\t\t\t\t\t\t\t\t\t\t\t\t<img decoding=\"async\" width=\"800\" height=\"800\" src=\"https:\/\/koshertorremolinos.com\/wp-content\/uploads\/2025\/10\/16.10.2025-1024x1024.png\" class=\"attachment-large size-large wp-image-1887\" alt=\"\" srcset=\"https:\/\/koshertorremolinos.com\/wp-content\/uploads\/2025\/10\/16.10.2025-1024x1024.png 1024w, https:\/\/koshertorremolinos.com\/wp-content\/uploads\/2025\/10\/16.10.2025-300x300.png 300w, https:\/\/koshertorremolinos.com\/wp-content\/uploads\/2025\/10\/16.10.2025-150x150.png 150w, https:\/\/koshertorremolinos.com\/wp-content\/uploads\/2025\/10\/16.10.2025-768x768.png 768w, https:\/\/koshertorremolinos.com\/wp-content\/uploads\/2025\/10\/16.10.2025.png 1080w\" sizes=\"(max-width: 800px) 100vw, 800px\" \/>\t\t\t\t\t\t\t\t\t\t\t\t\t\t\t<\/div>\n\t\t\t\t<\/div>\n\t\t\t\t\t<\/div>\n\t\t<\/div>\n\t\t\t\t\t<\/div>\n\t\t<\/section>\n\t\t\t\t<section class=\"elementor-section elementor-top-section elementor-element elementor-element-ce5c631 elementor-section-boxed elementor-section-height-default elementor-section-height-default\" data-id=\"ce5c631\" data-element_type=\"section\">\n\t\t\t\t\t\t<div class=\"elementor-container elementor-column-gap-default\">\n\t\t\t\t\t<div class=\"elementor-column elementor-col-50 elementor-top-column elementor-element elementor-element-c9811a4\" data-id=\"c9811a4\" data-element_type=\"column\">\n\t\t\t<div class=\"elementor-widget-wrap elementor-element-populated\">\n\t\t\t\t\t\t<div class=\"elementor-element elementor-element-5a0c0fd elementor-widget elementor-widget-image\" data-id=\"5a0c0fd\" data-element_type=\"widget\" data-widget_type=\"image.default\">\n\t\t\t\t<div class=\"elementor-widget-container\">\n\t\t\t\t\t\t\t\t\t\t\t\t\t\t\t<img loading=\"lazy\" decoding=\"async\" width=\"800\" height=\"800\" src=\"https:\/\/koshertorremolinos.com\/wp-content\/uploads\/2025\/08\/25.08-1024x1024.png\" class=\"attachment-large size-large wp-image-1848\" alt=\"\" srcset=\"https:\/\/koshertorremolinos.com\/wp-content\/uploads\/2025\/08\/25.08-1024x1024.png 1024w, https:\/\/koshertorremolinos.com\/wp-content\/uploads\/2025\/08\/25.08-300x300.png 300w, https:\/\/koshertorremolinos.com\/wp-content\/uploads\/2025\/08\/25.08-150x150.png 150w, https:\/\/koshertorremolinos.com\/wp-content\/uploads\/2025\/08\/25.08-768x768.png 768w, https:\/\/koshertorremolinos.com\/wp-content\/uploads\/2025\/08\/25.08.png 1080w\" sizes=\"(max-width: 800px) 100vw, 800px\" \/>\t\t\t\t\t\t\t\t\t\t\t\t\t\t\t<\/div>\n\t\t\t\t<\/div>\n\t\t\t\t\t<\/div>\n\t\t<\/div>\n\t\t\t\t<div class=\"elementor-column elementor-col-50 elementor-top-column elementor-element elementor-element-1e2436b\" data-id=\"1e2436b\" data-element_type=\"column\">\n\t\t\t<div class=\"elementor-widget-wrap elementor-element-populated\">\n\t\t\t\t\t\t<div class=\"elementor-element elementor-element-e3579ea elementor-widget elementor-widget-image\" data-id=\"e3579ea\" data-element_type=\"widget\" data-widget_type=\"image.default\">\n\t\t\t\t<div class=\"elementor-widget-container\">\n\t\t\t\t\t\t\t\t\t\t\t\t\t\t\t<img loading=\"lazy\" decoding=\"async\" width=\"800\" height=\"800\" src=\"https:\/\/koshertorremolinos.com\/wp-content\/uploads\/2025\/07\/28.07-1024x1024.png\" class=\"attachment-large size-large wp-image-1723\" alt=\"\" srcset=\"https:\/\/koshertorremolinos.com\/wp-content\/uploads\/2025\/07\/28.07-1024x1024.png 1024w, https:\/\/koshertorremolinos.com\/wp-content\/uploads\/2025\/07\/28.07-300x300.png 300w, https:\/\/koshertorremolinos.com\/wp-content\/uploads\/2025\/07\/28.07-150x150.png 150w, https:\/\/koshertorremolinos.com\/wp-content\/uploads\/2025\/07\/28.07-768x768.png 768w, https:\/\/koshertorremolinos.com\/wp-content\/uploads\/2025\/07\/28.07.png 1080w\" sizes=\"(max-width: 800px) 100vw, 800px\" \/>\t\t\t\t\t\t\t\t\t\t\t\t\t\t\t<\/div>\n\t\t\t\t<\/div>\n\t\t\t\t\t<\/div>\n\t\t<\/div>\n\t\t\t\t\t<\/div>\n\t\t<\/section>\n\t\t\t\t<\/div>\n\t\t","protected":false},"excerpt":{"rendered":"<p>Promociones Descubre nuestras promociones en productos Kosher. \u00a1Aprovecha las mejores ofertas en carnes, vinos y m\u00e1s en Cash Kash Torremolinos! \u00bfPor qu\u00e9 aprovechar nuestras promociones? Productos frescos y certificados, entrega r\u00e1pida en toda Espa\u00f1a. Garant\u00eda de calidad<\/p>\n","protected":false},"author":1,"featured_media":411,"parent":0,"menu_order":0,"comment_status":"closed","ping_status":"closed","template":"","meta":{"_joinchat":[],"footnotes":""},"class_list":["post-21","page","type-page","status-publish","has-post-thumbnail","hentry"],"_links":{"self":[{"href":"https:\/\/koshertorremolinos.com\/index.php?rest_route=\/wp\/v2\/pages\/21","targetHints":{"allow":["GET"]}}],"collection":[{"href":"https:\/\/koshertorremolinos.com\/index.php?rest_route=\/wp\/v2\/pages"}],"about":[{"href":"https:\/\/koshertorremolinos.com\/index.php?rest_route=\/wp\/v2\/types\/page"}],"author":[{"embeddable":true,"href":"https:\/\/koshertorremolinos.com\/index.php?rest_route=\/wp\/v2\/users\/1"}],"replies":[{"embeddable":true,"href":"https:\/\/koshertorremolinos.com\/index.php?rest_route=%2Fwp%2Fv2%2Fcomments&post=21"}],"version-history":[{"count":159,"href":"https:\/\/koshertorremolinos.com\/index.php?rest_route=\/wp\/v2\/pages\/21\/revisions"}],"predecessor-version":[{"id":1900,"href":"https:\/\/koshertorremolinos.com\/index.php?rest_route=\/wp\/v2\/pages\/21\/revisions\/1900"}],"wp:featuredmedia":[{"embeddable":true,"href":"https:\/\/koshertorremolinos.com\/index.php?rest_route=\/wp\/v2\/media\/411"}],"wp:attachment":[{"href":"https:\/\/koshertorremolinos.com\/index.php?rest_route=%2Fwp%2Fv2%2Fmedia&parent=21"}],"curies":[{"name":"wp","href":"https:\/\/api.w.org\/{rel}","templated":true}]}}