{"id":1425,"date":"2025-02-16T11:49:40","date_gmt":"2025-02-16T11:49:40","guid":{"rendered":"https:\/\/koshertorremolinos.com\/?page_id=1425"},"modified":"2025-02-25T12:38:31","modified_gmt":"2025-02-25T12:38:31","slug":"proveedor-de-carne-kosher","status":"publish","type":"page","link":"https:\/\/koshertorremolinos.com\/?page_id=1425","title":{"rendered":"Suministro de carne kosher para Barcos, Aerol\u00edneas, Embarcaciones y Eventos."},"content":{"rendered":"\t\t<div data-elementor-type=\"wp-page\" data-elementor-id=\"1425\" class=\"elementor elementor-1425\">\n\t\t\t\t\t\t<section class=\"elementor-section elementor-top-section elementor-element elementor-element-76737a33 elementor-section-boxed elementor-section-height-default elementor-section-height-default\" data-id=\"76737a33\" data-element_type=\"section\">\n\t\t\t\t\t\t<div class=\"elementor-container elementor-column-gap-default\">\n\t\t\t\t\t<div class=\"elementor-column elementor-col-100 elementor-top-column elementor-element elementor-element-20de70a8\" data-id=\"20de70a8\" data-element_type=\"column\">\n\t\t\t<div class=\"elementor-widget-wrap elementor-element-populated\">\n\t\t\t\t\t\t<div class=\"elementor-element elementor-element-3294555 elementor-widget elementor-widget-text-editor\" data-id=\"3294555\" data-element_type=\"widget\" data-widget_type=\"text-editor.default\">\n\t\t\t\t<div class=\"elementor-widget-container\">\n\t\t\t\t\t\t\t\t\t\n<p>\u00ab\u00a1Bienvenidos a la Costa del Sol! Carne Kosher Fresca, Directamente a Tu Barco\u00bb<br \/>\u00abSomos una empresa de la industria c\u00e1rnica, especializada en la distribuci\u00f3n de carne Kosher de la m\u00e1s alta calidad. Nos enorgullece ofrecer un servicio \u00fanico para aquellos que visitan la Costa del Sol, llevando directamente a tu barco cortes frescos y congelados. Sin importar en qu\u00e9 puerto te encuentres, nuestro equipo se encargar\u00e1 de entregarte carne Kosher, fresca y congelada, lista para disfrutar, garantizando comodidad y sabor en cada pedido. Con nosotros, tendr\u00e1s acceso a productos premium sin tener que salir de tu embarcaci\u00f3n.\u00bb<\/p>\n\n<figure class=\"wp-block-image size-large is-resized\"><img fetchpriority=\"high\" decoding=\"async\" width=\"1024\" height=\"683\" class=\"wp-image-1426\" style=\"width: 401px; height: auto;\" src=\"https:\/\/koshertorremolinos.com\/wp-content\/uploads\/2025\/02\/cinematic-shot-luxury-yacht-1024x683.jpg\" alt=\"\" srcset=\"https:\/\/koshertorremolinos.com\/wp-content\/uploads\/2025\/02\/cinematic-shot-luxury-yacht-1024x683.jpg 1024w, https:\/\/koshertorremolinos.com\/wp-content\/uploads\/2025\/02\/cinematic-shot-luxury-yacht-300x200.jpg 300w, https:\/\/koshertorremolinos.com\/wp-content\/uploads\/2025\/02\/cinematic-shot-luxury-yacht-768x512.jpg 768w, https:\/\/koshertorremolinos.com\/wp-content\/uploads\/2025\/02\/cinematic-shot-luxury-yacht-1536x1024.jpg 1536w, https:\/\/koshertorremolinos.com\/wp-content\/uploads\/2025\/02\/cinematic-shot-luxury-yacht-2048x1365.jpg 2048w\" sizes=\"(max-width: 1024px) 100vw, 1024px\" \/><\/figure>\n\n<p>Si necesitas abastecer tu barco con carne de la mejor calidad, simplemente env\u00edanos los detalles de tu pedido mediante WhatsApp. Nos encargaremos de hacer llegar tu solicitud al puerto que nos indiques de manera r\u00e1pida y eficiente.<\/p>\n\n<p>Aseg\u00farate de especificar la cantidad de carne, el tipo que deseas y la fecha de entrega para que podamos procesar tu pedido sin demoras.<\/p>\n\n<p>\ud83d\udce2 <strong>Recuerda<\/strong>: Para garantizar la entrega puntual, realiza tu pedido con al menos <strong>48 horas de antelaci\u00f3n<\/strong> a la llegada de tu barco.<\/p>\n\n<p>Env\u00edanos tu solicitud a trav\u00e9s de <strong>WhatsApp<\/strong> con toda la informaci\u00f3n necesaria: <strong>+34 665 17 84 18<\/strong>.<\/p>\n\n<p>\u00a0<\/p>\n\n<p>\u00a1Estamos listos para atenderte!<\/p>\n\n<p>\u00a0<\/p>\n\t\t\t\t\t\t\t\t<\/div>\n\t\t\t\t<\/div>\n\t\t\t\t\t<\/div>\n\t\t<\/div>\n\t\t\t\t\t<\/div>\n\t\t<\/section>\n\t\t\t\t<\/div>\n\t\t","protected":false},"excerpt":{"rendered":"<p>\u00ab\u00a1Bienvenidos a la Costa del Sol! Carne Kosher Fresca, Directamente a Tu Barco\u00bb\u00abSomos una empresa de la industria c\u00e1rnica, especializada en la distribuci\u00f3n de carne Kosher de la m\u00e1s alta calidad. Nos enorgullece ofrecer un servicio \u00fanico para aquellos que visitan la Costa del Sol, llevando directamente a tu barco cortes frescos y congelados. Sin [&hellip;]<\/p>\n","protected":false},"author":1,"featured_media":0,"parent":0,"menu_order":0,"comment_status":"closed","ping_status":"closed","template":"","meta":{"_joinchat":[],"footnotes":""},"class_list":["post-1425","page","type-page","status-publish","hentry"],"_links":{"self":[{"href":"https:\/\/koshertorremolinos.com\/index.php?rest_route=\/wp\/v2\/pages\/1425","targetHints":{"allow":["GET"]}}],"collection":[{"href":"https:\/\/koshertorremolinos.com\/index.php?rest_route=\/wp\/v2\/pages"}],"about":[{"href":"https:\/\/koshertorremolinos.com\/index.php?rest_route=\/wp\/v2\/types\/page"}],"author":[{"embeddable":true,"href":"https:\/\/koshertorremolinos.com\/index.php?rest_route=\/wp\/v2\/users\/1"}],"replies":[{"embeddable":true,"href":"https:\/\/koshertorremolinos.com\/index.php?rest_route=%2Fwp%2Fv2%2Fcomments&post=1425"}],"version-history":[{"count":5,"href":"https:\/\/koshertorremolinos.com\/index.php?rest_route=\/wp\/v2\/pages\/1425\/revisions"}],"predecessor-version":[{"id":1443,"href":"https:\/\/koshertorremolinos.com\/index.php?rest_route=\/wp\/v2\/pages\/1425\/revisions\/1443"}],"wp:attachment":[{"href":"https:\/\/koshertorremolinos.com\/index.php?rest_route=%2Fwp%2Fv2%2Fmedia&parent=1425"}],"curies":[{"name":"wp","href":"https:\/\/api.w.org\/{rel}","templated":true}]}}